{"id":1879,"date":"2017-04-09T22:59:44","date_gmt":"2017-04-09T20:59:44","guid":{"rendered":"http:\/\/www.musikverein-holzhausen.at\/wordpress\/?page_id=1879"},"modified":"2025-09-03T14:46:03","modified_gmt":"2025-09-03T12:46:03","slug":"das-orchester","status":"publish","type":"page","link":"https:\/\/www.musikverein-holzhausen.at\/index.php\/das-orchester\/","title":{"rendered":"Das Orchester"},"content":{"rendered":"\t\t<div data-elementor-type=\"wp-page\" data-elementor-id=\"1879\" class=\"elementor elementor-1879\">\n\t\t\t\t\t\t<section class=\"elementor-section elementor-top-section elementor-element elementor-element-ab42e5d elementor-section-boxed elementor-section-height-default elementor-section-height-default\" data-id=\"ab42e5d\" data-element_type=\"section\" data-e-type=\"section\">\n\t\t\t\t\t\t<div class=\"elementor-container elementor-column-gap-default\">\n\t\t\t\t\t<div class=\"elementor-column elementor-col-100 elementor-top-column elementor-element elementor-element-88b9ce5\" data-id=\"88b9ce5\" data-element_type=\"column\" data-e-type=\"column\">\n\t\t\t<div class=\"elementor-widget-wrap elementor-element-populated\">\n\t\t\t\t\t\t<div class=\"elementor-element elementor-element-e9608ad elementor-widget elementor-widget-heading\" data-id=\"e9608ad\" data-element_type=\"widget\" data-e-type=\"widget\" data-widget_type=\"heading.default\">\n\t\t\t\t<div class=\"elementor-widget-container\">\n\t\t\t\t\t<h2 class=\"elementor-heading-title elementor-size-default\">Das Orchester<\/h2>\t\t\t\t<\/div>\n\t\t\t\t<\/div>\n\t\t\t\t<div class=\"elementor-element elementor-element-71fbe9d elementor-widget elementor-widget-image\" data-id=\"71fbe9d\" data-element_type=\"widget\" data-e-type=\"widget\" data-widget_type=\"image.default\">\n\t\t\t\t<div class=\"elementor-widget-container\">\n\t\t\t\t\t\t\t\t\t\t\t\t\t\t\t<img fetchpriority=\"high\" decoding=\"async\" data-attachment-id=\"4571\" data-permalink=\"https:\/\/www.musikverein-holzhausen.at\/index.php\/das-orchester\/gruppenfoto\/\" data-orig-file=\"https:\/\/i0.wp.com\/www.musikverein-holzhausen.at\/wp-content\/uploads\/2024\/06\/gruppenfoto-scaled.jpg?fit=2560%2C1638&amp;ssl=1\" data-orig-size=\"2560,1638\" data-comments-opened=\"0\" data-image-meta=\"{&quot;aperture&quot;:&quot;0&quot;,&quot;credit&quot;:&quot;&quot;,&quot;camera&quot;:&quot;&quot;,&quot;caption&quot;:&quot;&quot;,&quot;created_timestamp&quot;:&quot;0&quot;,&quot;copyright&quot;:&quot;&quot;,&quot;focal_length&quot;:&quot;0&quot;,&quot;iso&quot;:&quot;0&quot;,&quot;shutter_speed&quot;:&quot;0&quot;,&quot;title&quot;:&quot;&quot;,&quot;orientation&quot;:&quot;0&quot;}\" data-image-title=\"gruppenfoto\" data-image-description=\"\" data-image-caption=\"\" data-large-file=\"https:\/\/i0.wp.com\/www.musikverein-holzhausen.at\/wp-content\/uploads\/2024\/06\/gruppenfoto-scaled.jpg?fit=800%2C512&amp;ssl=1\" width=\"2560\" height=\"1638\" src=\"https:\/\/i0.wp.com\/www.musikverein-holzhausen.at\/wp-content\/uploads\/2024\/06\/gruppenfoto-scaled.jpg?fit=2560%2C1638&amp;ssl=1\" class=\"attachment-full size-full wp-image-4571\" alt=\"\" srcset=\"https:\/\/i0.wp.com\/www.musikverein-holzhausen.at\/wp-content\/uploads\/2024\/06\/gruppenfoto-scaled.jpg?w=2560&amp;ssl=1 2560w, https:\/\/i0.wp.com\/www.musikverein-holzhausen.at\/wp-content\/uploads\/2024\/06\/gruppenfoto-scaled.jpg?resize=300%2C192&amp;ssl=1 300w, https:\/\/i0.wp.com\/www.musikverein-holzhausen.at\/wp-content\/uploads\/2024\/06\/gruppenfoto-scaled.jpg?resize=1024%2C655&amp;ssl=1 1024w, https:\/\/i0.wp.com\/www.musikverein-holzhausen.at\/wp-content\/uploads\/2024\/06\/gruppenfoto-scaled.jpg?resize=768%2C491&amp;ssl=1 768w, https:\/\/i0.wp.com\/www.musikverein-holzhausen.at\/wp-content\/uploads\/2024\/06\/gruppenfoto-scaled.jpg?resize=1536%2C983&amp;ssl=1 1536w, https:\/\/i0.wp.com\/www.musikverein-holzhausen.at\/wp-content\/uploads\/2024\/06\/gruppenfoto-scaled.jpg?resize=2048%2C1311&amp;ssl=1 2048w, https:\/\/i0.wp.com\/www.musikverein-holzhausen.at\/wp-content\/uploads\/2024\/06\/gruppenfoto-scaled.jpg?w=1600&amp;ssl=1 1600w, https:\/\/i0.wp.com\/www.musikverein-holzhausen.at\/wp-content\/uploads\/2024\/06\/gruppenfoto-scaled.jpg?w=2400&amp;ssl=1 2400w\" sizes=\"(max-width: 800px) 100vw, 800px\" data-attachment-id=\"4571\" data-permalink=\"https:\/\/www.musikverein-holzhausen.at\/index.php\/das-orchester\/gruppenfoto\/\" data-orig-file=\"https:\/\/i0.wp.com\/www.musikverein-holzhausen.at\/wp-content\/uploads\/2024\/06\/gruppenfoto-scaled.jpg?fit=2560%2C1638&amp;ssl=1\" data-orig-size=\"2560,1638\" data-comments-opened=\"0\" data-image-meta=\"{&quot;aperture&quot;:&quot;0&quot;,&quot;credit&quot;:&quot;&quot;,&quot;camera&quot;:&quot;&quot;,&quot;caption&quot;:&quot;&quot;,&quot;created_timestamp&quot;:&quot;0&quot;,&quot;copyright&quot;:&quot;&quot;,&quot;focal_length&quot;:&quot;0&quot;,&quot;iso&quot;:&quot;0&quot;,&quot;shutter_speed&quot;:&quot;0&quot;,&quot;title&quot;:&quot;&quot;,&quot;orientation&quot;:&quot;0&quot;}\" data-image-title=\"gruppenfoto\" data-image-description=\"\" data-image-caption=\"\" data-large-file=\"https:\/\/i0.wp.com\/www.musikverein-holzhausen.at\/wp-content\/uploads\/2024\/06\/gruppenfoto-scaled.jpg?fit=800%2C512&amp;ssl=1\" \/>\t\t\t\t\t\t\t\t\t\t\t\t\t\t\t<\/div>\n\t\t\t\t<\/div>\n\t\t\t\t\t<\/div>\n\t\t<\/div>\n\t\t\t\t\t<\/div>\n\t\t<\/section>\n\t\t\t\t<section class=\"elementor-section elementor-top-section elementor-element elementor-element-90e07ab elementor-section-boxed elementor-section-height-default elementor-section-height-default\" data-id=\"90e07ab\" data-element_type=\"section\" data-e-type=\"section\">\n\t\t\t\t\t\t<div class=\"elementor-container elementor-column-gap-default\">\n\t\t\t\t\t<div class=\"elementor-column elementor-col-33 elementor-top-column elementor-element elementor-element-ff16640\" data-id=\"ff16640\" data-element_type=\"column\" data-e-type=\"column\">\n\t\t\t<div class=\"elementor-widget-wrap elementor-element-populated\">\n\t\t\t\t\t\t<div class=\"elementor-element elementor-element-08df7fa elementor-widget elementor-widget-text-editor\" data-id=\"08df7fa\" data-element_type=\"widget\" data-e-type=\"widget\" data-widget_type=\"text-editor.default\">\n\t\t\t\t<div class=\"elementor-widget-container\">\n\t\t\t\t\t\t\t\t\t<div><h4 style=\"text-align: left;\">Kapellmeister<\/h4><p style=\"text-align: left;\">Matthias M\u00e4rzinger<\/p><h4 style=\"text-align: left;\">Querfl\u00f6ten<\/h4><p style=\"text-align: left;\">Sch\u00f6lzl Alexandra<br \/>Strasser Hannah<br \/><span style=\"color: var( --e-global-color-text ); font-family: var( --e-global-typography-text-font-family ), Sans-serif; font-weight: var( --e-global-typography-text-font-weight ); font-size: 0.875rem;\">Str\u00f6bitzer Barbara<br \/><\/span><span style=\"color: var( --e-global-color-text ); font-family: var( --e-global-typography-text-font-family ), Sans-serif; font-weight: var( --e-global-typography-text-font-weight ); font-size: 0.875rem;\">Weidinger Carola<\/span><\/p><\/div><div style=\"text-align: left;\"><h4>\u00a0<\/h4><\/div><div><h4 style=\"text-align: left;\">Klarinette<\/h4><p style=\"text-align: left;\">Aistleitner Roswitha<br \/>Armbruckner Markus<br \/>Bauer Simone<br \/><span style=\"color: var( --e-global-color-text ); font-family: var( --e-global-typography-text-font-family ), Sans-serif; font-weight: var( --e-global-typography-text-font-weight ); font-size: 0.875rem;\">Hager Melina<\/span><span style=\"color: var( --e-global-color-text ); font-family: var( --e-global-typography-text-font-family ), Sans-serif; font-weight: var( --e-global-typography-text-font-weight ); font-size: 0.875rem;\"><br \/>Meyr Rosalie<br \/><\/span>Tallafuss Maria<span style=\"color: var( --e-global-color-text ); font-family: var( --e-global-typography-text-font-family ), Sans-serif; font-weight: var( --e-global-typography-text-font-weight ); font-size: 0.875rem;\"><br \/><\/span><span style=\"color: var( --e-global-color-text ); font-family: var( --e-global-typography-text-font-family ), Sans-serif; font-weight: var( --e-global-typography-text-font-weight ); font-size: 0.875rem;\">V\u00f6lk Stefanie<br \/>Winkoff Julia<br \/><\/span><span style=\"color: var( --e-global-color-text ); font-family: var( --e-global-typography-text-font-family ), Sans-serif; font-weight: var( --e-global-typography-text-font-weight ); font-size: 0.875rem;\">W\u00f6rister Elisabeth<\/span><\/p><\/div>\t\t\t\t\t\t\t\t<\/div>\n\t\t\t\t<\/div>\n\t\t\t\t\t<\/div>\n\t\t<\/div>\n\t\t\t\t<div class=\"elementor-column elementor-col-33 elementor-top-column elementor-element elementor-element-150b905\" data-id=\"150b905\" data-element_type=\"column\" data-e-type=\"column\">\n\t\t\t<div class=\"elementor-widget-wrap elementor-element-populated\">\n\t\t\t\t\t\t<div class=\"elementor-element elementor-element-57999f2 elementor-widget elementor-widget-text-editor\" data-id=\"57999f2\" data-element_type=\"widget\" data-e-type=\"widget\" data-widget_type=\"text-editor.default\">\n\t\t\t\t<div class=\"elementor-widget-container\">\n\t\t\t\t\t\t\t\t\t<div><h4 style=\"text-align: center;\">Saxophon<\/h4><p style=\"text-align: center;\">Eichhorn Nina<br \/>Knoll Walter<br \/>Meyr Josefine<br \/><span style=\"color: var( --e-global-color-text ); font-family: var( --e-global-typography-text-font-family ), Sans-serif; font-size: 0.875rem; font-weight: var( --e-global-typography-text-font-weight );\">Winkoff Katrin<br \/><\/span><span style=\"color: var( --e-global-color-text ); font-family: var( --e-global-typography-text-font-family ), Sans-serif; font-size: 0.875rem; font-weight: var( --e-global-typography-text-font-weight );\">W\u00f6rister Florian<br \/><\/span><span style=\"color: var( --e-global-color-text ); font-family: var( --e-global-typography-text-font-family ), Sans-serif; font-size: 0.875rem; font-weight: var( --e-global-typography-text-font-weight );\">W\u00f6rister Julia<\/span><\/p><\/div><div><h4 style=\"text-align: center;\">Trompete<\/h4><p style=\"text-align: center;\">Giener Harald<br \/>Greinecker Lisa<br \/>Hager Leonie<br \/>Hubmer Gerald<br \/>Hubmer Lukas<br \/>N\u00f6bauer Josef<br \/>Putz Marlies<br \/>Theil Gerald<\/p><h4 style=\"text-align: center;\">Horn<\/h4><p style=\"text-align: center;\">Eichhorn Claudia<br \/>Pachler Pascal<br \/>Strasser Manuela<\/p><p style=\"text-align: center;\">\u00a0<\/p><\/div>\t\t\t\t\t\t\t\t<\/div>\n\t\t\t\t<\/div>\n\t\t\t\t\t<\/div>\n\t\t<\/div>\n\t\t\t\t<div class=\"elementor-column elementor-col-33 elementor-top-column elementor-element elementor-element-07b7d11\" data-id=\"07b7d11\" data-element_type=\"column\" data-e-type=\"column\">\n\t\t\t<div class=\"elementor-widget-wrap elementor-element-populated\">\n\t\t\t\t\t\t<div class=\"elementor-element elementor-element-17be043 elementor-widget elementor-widget-text-editor\" data-id=\"17be043\" data-element_type=\"widget\" data-e-type=\"widget\" data-widget_type=\"text-editor.default\">\n\t\t\t\t<div class=\"elementor-widget-container\">\n\t\t\t\t\t\t\t\t\t<h4 style=\"text-align: right;\">Tenorhorn<\/h4>\n<p style=\"text-align: right;\">Aistleitner Fabian<br>Angerlehner Gregor<br>Datscher Bettina<br>Gruber Andreas<\/p>\n<div style=\"text-align: right;\">\n<h4>Posaune<\/h4>\n<p>Hubmer Christian<br>Klebl Andreas<br>M\u00e4rzinger Matthias<\/p>\n<\/div>\n<div style=\"text-align: right;\">\n<h4>Schlagwerk<\/h4>\n<p>Gr\u00fcneis-Kirschner Raphael<br>Hubmer Maximilian<br>Jellinek David<br>Kronfu\u00df Paul<br>Putz Giuli\u00e0n<br><span style=\"color: var( --e-global-color-text ); font-family: var( --e-global-typography-text-font-family ), Sans-serif; font-weight: var( --e-global-typography-text-font-weight ); font-size: 0.875rem;\">Thallinger Felix<\/span><\/p>\n<\/div>\n<div>\n<h4 style=\"text-align: right;\">Tuba<\/h4>\n<p style=\"text-align: right;\">Gr\u00fcneis Dominik<br>Leitner Wolfgang<br>Reinprecht Thomas<\/p>\n<h4 style=\"text-align: right;\">Marketenderinnen<\/h4>\n<div style=\"text-align: right;\"><span style=\"text-align: right;\">Berger Teresa<br>Drausinger Julia<br>Fenzl Tabea<br>Scheidleder Lea<\/span><\/div>\n<div style=\"text-align: right;\"><span style=\"text-align: right;\"><br><\/span><\/div>\n<\/div>\t\t\t\t\t\t\t\t<\/div>\n\t\t\t\t<\/div>\n\t\t\t\t\t<\/div>\n\t\t<\/div>\n\t\t\t\t\t<\/div>\n\t\t<\/section>\n\t\t\t\t<\/div>\n\t\t","protected":false},"excerpt":{"rendered":"<p>Das Orchester Kapellmeister Matthias M\u00e4rzinger Querfl\u00f6ten Sch\u00f6lzl AlexandraStrasser HannahStr\u00f6bitzer BarbaraWeidinger Carola \u00a0 Klarinette Aistleitner RoswithaArmbruckner MarkusBauer SimoneHager MelinaMeyr RosalieTallafuss MariaV\u00f6lk StefanieWinkoff JuliaW\u00f6rister Elisabeth Saxophon Eichhorn NinaKnoll WalterMeyr JosefineWinkoff KatrinW\u00f6rister FlorianW\u00f6rister &#8230;<\/p>\n","protected":false},"author":1,"featured_media":0,"parent":0,"menu_order":0,"comment_status":"closed","ping_status":"closed","template":"template-fullwidth.php","meta":{"ngg_post_thumbnail":0,"jetpack_post_was_ever_published":false,"footnotes":""},"categories":[],"tags":[],"class_list":["post-1879","page","type-page","status-publish","hentry"],"jetpack_sharing_enabled":true,"jetpack_shortlink":"https:\/\/wp.me\/P8pnNx-uj","_links":{"self":[{"href":"https:\/\/www.musikverein-holzhausen.at\/index.php\/wp-json\/wp\/v2\/pages\/1879","targetHints":{"allow":["GET"]}}],"collection":[{"href":"https:\/\/www.musikverein-holzhausen.at\/index.php\/wp-json\/wp\/v2\/pages"}],"about":[{"href":"https:\/\/www.musikverein-holzhausen.at\/index.php\/wp-json\/wp\/v2\/types\/page"}],"author":[{"embeddable":true,"href":"https:\/\/www.musikverein-holzhausen.at\/index.php\/wp-json\/wp\/v2\/users\/1"}],"replies":[{"embeddable":true,"href":"https:\/\/www.musikverein-holzhausen.at\/index.php\/wp-json\/wp\/v2\/comments?post=1879"}],"version-history":[{"count":12,"href":"https:\/\/www.musikverein-holzhausen.at\/index.php\/wp-json\/wp\/v2\/pages\/1879\/revisions"}],"predecessor-version":[{"id":4946,"href":"https:\/\/www.musikverein-holzhausen.at\/index.php\/wp-json\/wp\/v2\/pages\/1879\/revisions\/4946"}],"wp:attachment":[{"href":"https:\/\/www.musikverein-holzhausen.at\/index.php\/wp-json\/wp\/v2\/media?parent=1879"}],"wp:term":[{"taxonomy":"category","embeddable":true,"href":"https:\/\/www.musikverein-holzhausen.at\/index.php\/wp-json\/wp\/v2\/categories?post=1879"},{"taxonomy":"post_tag","embeddable":true,"href":"https:\/\/www.musikverein-holzhausen.at\/index.php\/wp-json\/wp\/v2\/tags?post=1879"}],"curies":[{"name":"wp","href":"https:\/\/api.w.org\/{rel}","templated":true}]}}