{"id":1881,"date":"2017-04-09T23:00:02","date_gmt":"2017-04-09T21:00:02","guid":{"rendered":"http:\/\/www.musikverein-holzhausen.at\/wordpress\/?page_id=1881"},"modified":"2025-06-16T23:02:43","modified_gmt":"2025-06-16T21:02:43","slug":"der-vorstand","status":"publish","type":"page","link":"https:\/\/www.musikverein-holzhausen.at\/index.php\/der-verein-im-ueberblick\/der-vorstand\/","title":{"rendered":"Der Vorstand"},"content":{"rendered":"\t\t<div data-elementor-type=\"wp-page\" data-elementor-id=\"1881\" class=\"elementor elementor-1881\">\n\t\t\t\t\t\t<section class=\"elementor-section elementor-top-section elementor-element elementor-element-7fbe1c7e elementor-section-boxed elementor-section-height-default elementor-section-height-default\" data-id=\"7fbe1c7e\" data-element_type=\"section\" data-e-type=\"section\">\n\t\t\t\t\t\t<div class=\"elementor-container elementor-column-gap-default\">\n\t\t\t\t\t<div class=\"elementor-column elementor-col-100 elementor-top-column elementor-element elementor-element-458c4262\" data-id=\"458c4262\" data-element_type=\"column\" data-e-type=\"column\">\n\t\t\t<div class=\"elementor-widget-wrap elementor-element-populated\">\n\t\t\t\t\t\t<div class=\"elementor-element elementor-element-1a4947c elementor-widget elementor-widget-heading\" data-id=\"1a4947c\" data-element_type=\"widget\" data-e-type=\"widget\" data-widget_type=\"heading.default\">\n\t\t\t\t<div class=\"elementor-widget-container\">\n\t\t\t\t\t<h2 class=\"elementor-heading-title elementor-size-default\">Der Vorstand<\/h2>\t\t\t\t<\/div>\n\t\t\t\t<\/div>\n\t\t\t\t\t<\/div>\n\t\t<\/div>\n\t\t\t\t\t<\/div>\n\t\t<\/section>\n\t\t\t\t<section class=\"elementor-section elementor-top-section elementor-element elementor-element-c67d0e8 elementor-section-boxed elementor-section-height-default elementor-section-height-default\" data-id=\"c67d0e8\" data-element_type=\"section\" data-e-type=\"section\">\n\t\t\t\t\t\t<div class=\"elementor-container elementor-column-gap-default\">\n\t\t\t\t\t<div class=\"elementor-column elementor-col-50 elementor-top-column elementor-element elementor-element-65f0109\" data-id=\"65f0109\" data-element_type=\"column\" data-e-type=\"column\">\n\t\t\t<div class=\"elementor-widget-wrap elementor-element-populated\">\n\t\t\t\t\t\t<div class=\"elementor-element elementor-element-fa64dfd elementor-widget elementor-widget-text-editor\" data-id=\"fa64dfd\" data-element_type=\"widget\" data-e-type=\"widget\" data-widget_type=\"text-editor.default\">\n\t\t\t\t<div class=\"elementor-widget-container\">\n\t\t\t\t\t\t\t\t\t<p><strong>Pascal Pachler<\/strong><br \/>Obmann<br \/>Tel-Nr.: +43 664 6151316<\/p><p><strong>Lisa Greinecker<\/strong><br \/>Obmann-Stv.<\/p><p><strong>Matthias M\u00e4rzinger<\/strong><br \/>Kapellmeister<\/p><p><strong>Andreas Gruber<\/strong><br \/>Stabf\u00fchrer<\/p><p><strong>Markus Armbruckner<\/strong><br \/>Kapellmeister-Stv., Rechnungspr\u00fcfer<strong><br \/><\/strong><\/p><p><strong>Florian W\u00f6rister<\/strong><br \/>Kapellmeister-Stv.<\/p><p><strong>Josef N\u00f6bauer<\/strong><br \/>Kassier<\/p><p><strong>Andreas Klebl<\/strong><br \/>Kassier-Stv.<\/p>\t\t\t\t\t\t\t\t<\/div>\n\t\t\t\t<\/div>\n\t\t\t\t\t<\/div>\n\t\t<\/div>\n\t\t\t\t<div class=\"elementor-column elementor-col-50 elementor-top-column elementor-element elementor-element-519d8d7\" data-id=\"519d8d7\" data-element_type=\"column\" data-e-type=\"column\">\n\t\t\t<div class=\"elementor-widget-wrap elementor-element-populated\">\n\t\t\t\t\t\t<div class=\"elementor-element elementor-element-dd5f450 elementor-widget elementor-widget-text-editor\" data-id=\"dd5f450\" data-element_type=\"widget\" data-e-type=\"widget\" data-widget_type=\"text-editor.default\">\n\t\t\t\t<div class=\"elementor-widget-container\">\n\t\t\t\t\t\t\t\t\t<p><strong>Stefanie V\u00f6lk<\/strong><br>Notenarchivarin<\/p>\n<p><strong>Carlola Weidinger<\/strong><br>Schriftf\u00fchrerin, Presse und Medien<\/p>\n<p><strong>Thomas Reinprecht<\/strong><br>Schriftf\u00fchrerin-Stv.<\/p>\n<p><b>Teresa Berger<br><\/b>Bekleidungsarchivarin<\/p>\n<p><strong>Matthias M\u00e4rzinger<\/strong><br>Jugendreferent<\/p>\n<p><strong>Melina Hager, Leonie Hager, Rosalie Meyr<\/strong><br>Jugendreferentin-Stv.<\/p>\n<p><strong>Gregor Angerlehner<\/strong><br>Instrumentenarchivar<\/p>\n<p><strong>Wolfgang Leitner<\/strong><br>Rechnungspr\u00fcfer<\/p>\t\t\t\t\t\t\t\t<\/div>\n\t\t\t\t<\/div>\n\t\t\t\t\t<\/div>\n\t\t<\/div>\n\t\t\t\t\t<\/div>\n\t\t<\/section>\n\t\t\t\t<\/div>\n\t\t","protected":false},"excerpt":{"rendered":"<p>Der Vorstand Pascal PachlerObmannTel-Nr.: +43 664 6151316 Lisa GreineckerObmann-Stv. Matthias M\u00e4rzingerKapellmeister Andreas GruberStabf\u00fchrer Markus ArmbrucknerKapellmeister-Stv., Rechnungspr\u00fcfer Florian W\u00f6risterKapellmeister-Stv. Josef N\u00f6bauerKassier Andreas KleblKassier-Stv. Stefanie V\u00f6lkNotenarchivarin Carlola WeidingerSchriftf\u00fchrerin, Presse und Medien Thomas &#8230;<\/p>\n","protected":false},"author":1,"featured_media":0,"parent":1910,"menu_order":0,"comment_status":"closed","ping_status":"closed","template":"template-fullwidth.php","meta":{"ngg_post_thumbnail":0,"jetpack_post_was_ever_published":false,"footnotes":""},"categories":[],"tags":[],"class_list":["post-1881","page","type-page","status-publish","hentry"],"jetpack_sharing_enabled":true,"jetpack_shortlink":"https:\/\/wp.me\/P8pnNx-ul","_links":{"self":[{"href":"https:\/\/www.musikverein-holzhausen.at\/index.php\/wp-json\/wp\/v2\/pages\/1881","targetHints":{"allow":["GET"]}}],"collection":[{"href":"https:\/\/www.musikverein-holzhausen.at\/index.php\/wp-json\/wp\/v2\/pages"}],"about":[{"href":"https:\/\/www.musikverein-holzhausen.at\/index.php\/wp-json\/wp\/v2\/types\/page"}],"author":[{"embeddable":true,"href":"https:\/\/www.musikverein-holzhausen.at\/index.php\/wp-json\/wp\/v2\/users\/1"}],"replies":[{"embeddable":true,"href":"https:\/\/www.musikverein-holzhausen.at\/index.php\/wp-json\/wp\/v2\/comments?post=1881"}],"version-history":[{"count":3,"href":"https:\/\/www.musikverein-holzhausen.at\/index.php\/wp-json\/wp\/v2\/pages\/1881\/revisions"}],"predecessor-version":[{"id":4938,"href":"https:\/\/www.musikverein-holzhausen.at\/index.php\/wp-json\/wp\/v2\/pages\/1881\/revisions\/4938"}],"up":[{"embeddable":true,"href":"https:\/\/www.musikverein-holzhausen.at\/index.php\/wp-json\/wp\/v2\/pages\/1910"}],"wp:attachment":[{"href":"https:\/\/www.musikverein-holzhausen.at\/index.php\/wp-json\/wp\/v2\/media?parent=1881"}],"wp:term":[{"taxonomy":"category","embeddable":true,"href":"https:\/\/www.musikverein-holzhausen.at\/index.php\/wp-json\/wp\/v2\/categories?post=1881"},{"taxonomy":"post_tag","embeddable":true,"href":"https:\/\/www.musikverein-holzhausen.at\/index.php\/wp-json\/wp\/v2\/tags?post=1881"}],"curies":[{"name":"wp","href":"https:\/\/api.w.org\/{rel}","templated":true}]}}