{"id":1912,"date":"2017-04-10T19:33:15","date_gmt":"2017-04-10T17:33:15","guid":{"rendered":"http:\/\/www.musikverein-holzhausen.at\/wordpress\/?page_id=1912"},"modified":"2024-02-23T20:58:01","modified_gmt":"2024-02-23T19:58:01","slug":"jugendarbeit","status":"publish","type":"page","link":"https:\/\/www.musikverein-holzhausen.at\/index.php\/jugendarbeit\/","title":{"rendered":"Wie werde ich Mitglied?"},"content":{"rendered":"<h1><strong>Wie werde ich Mitglied beim&nbsp;Musikverein Holzhausen?<\/strong><\/h1>\n<ol>\n<li>Anmeldung in der Musikschule f\u00fcr ein Blasinstrument oder Schlagwerk (zB in Marchtrenk, Buchkirchen, Wels, Eferding, &#8230;)\n<ul>\n<li>Frist f\u00fcr die Anmeldung ist <strong>Ende M\u00e4rz<\/strong><\/li>\n<li>F\u00fcr die Ausbildung stellt der Musikverein hochwertige Leihinstrumente zur Verf\u00fcgung<\/li>\n<\/ul>\n<\/li>\n<li>Nach einem Jahr: Beginn bei den MV Juniors<\/li>\n<li>Nach Absolvierung der ersten \u00dcbertrittspr\u00fcfung in der Musikschule (nach ca. drei Jahren): Beginn beim Musikverein<\/li>\n<\/ol>\n<p>&nbsp;<\/p>\n","protected":false},"excerpt":{"rendered":"<p>Wie werde ich Mitglied beim&nbsp;Musikverein Holzhausen? Anmeldung in der Musikschule f\u00fcr ein Blasinstrument oder Schlagwerk (zB in Marchtrenk, Buchkirchen, Wels, Eferding, &#8230;) Frist f\u00fcr die Anmeldung ist Ende M\u00e4rz F\u00fcr &#8230;<\/p>\n","protected":false},"author":1,"featured_media":0,"parent":0,"menu_order":0,"comment_status":"closed","ping_status":"closed","template":"template-fullwidth.php","meta":{"ngg_post_thumbnail":0,"jetpack_post_was_ever_published":false,"footnotes":""},"categories":[],"tags":[],"class_list":["post-1912","page","type-page","status-publish","hentry"],"jetpack_sharing_enabled":false,"jetpack_shortlink":"https:\/\/wp.me\/P8pnNx-uQ","_links":{"self":[{"href":"https:\/\/www.musikverein-holzhausen.at\/index.php\/wp-json\/wp\/v2\/pages\/1912","targetHints":{"allow":["GET"]}}],"collection":[{"href":"https:\/\/www.musikverein-holzhausen.at\/index.php\/wp-json\/wp\/v2\/pages"}],"about":[{"href":"https:\/\/www.musikverein-holzhausen.at\/index.php\/wp-json\/wp\/v2\/types\/page"}],"author":[{"embeddable":true,"href":"https:\/\/www.musikverein-holzhausen.at\/index.php\/wp-json\/wp\/v2\/users\/1"}],"replies":[{"embeddable":true,"href":"https:\/\/www.musikverein-holzhausen.at\/index.php\/wp-json\/wp\/v2\/comments?post=1912"}],"version-history":[{"count":0,"href":"https:\/\/www.musikverein-holzhausen.at\/index.php\/wp-json\/wp\/v2\/pages\/1912\/revisions"}],"wp:attachment":[{"href":"https:\/\/www.musikverein-holzhausen.at\/index.php\/wp-json\/wp\/v2\/media?parent=1912"}],"wp:term":[{"taxonomy":"category","embeddable":true,"href":"https:\/\/www.musikverein-holzhausen.at\/index.php\/wp-json\/wp\/v2\/categories?post=1912"},{"taxonomy":"post_tag","embeddable":true,"href":"https:\/\/www.musikverein-holzhausen.at\/index.php\/wp-json\/wp\/v2\/tags?post=1912"}],"curies":[{"name":"wp","href":"https:\/\/api.w.org\/{rel}","templated":true}]}}