{"id":3621,"date":"2021-03-12T17:58:21","date_gmt":"2021-03-12T16:58:21","guid":{"rendered":"https:\/\/www.musikverein-holzhausen.at\/?page_id=3621"},"modified":"2021-03-12T17:58:23","modified_gmt":"2021-03-12T16:58:23","slug":"impressum","status":"publish","type":"page","link":"https:\/\/www.musikverein-holzhausen.at\/index.php\/impressum\/","title":{"rendered":"Impressum"},"content":{"rendered":"\n<h4 class=\"wp-block-heading\">Vereinsname<\/h4>\n\n\n\n<p>Musikverein Holzhausen<\/p>\n\n\n\n<h4 class=\"wp-block-heading\">ZVR-Nr<\/h4>\n\n\n\n<p>552792571<\/p>\n\n\n\n<h4 class=\"wp-block-heading\">Vereinszweck<\/h4>\n\n\n\n<p>Der Musikverein, dessen T\u00e4tigkeit unpolitisch und nicht auf Gewinn gerichtet ist, bezweckt allgemein zur F\u00f6rderung des Gemeinwohles auf kulturellem Gebiet den Zusammenschluss von Personen, die sich der F\u00f6rderung der Musik widmen, vor allem der Pflege und Erhaltung der \u00f6sterreichischen Blasmusikkultur sowie der Pflege der zeitgen\u00f6ssischen Blasmusik.<\/p>\n\n\n\n<h4 class=\"wp-block-heading\">Vereinsvorstand<\/h4>\n\n\n\n<p>Obmann: Pascal Pachler<\/p>\n\n\n\n<p>Die vollst\u00e4ndige Liste der Vorstandsmitglieder ist <a href=\"http:\/\/www.musikverein-holzhausen.at\/index.php\/der-verein-im-ueberblick\/der-vorstand\/\">hier<\/a> zu finden!<\/p>\n\n\n\n<h4 class=\"wp-block-heading\">Anwendbare Rechtsvorschriften<\/h4>\n\n\n\n<p>Vereinsgesetz, zu finden im <a href=\"http:\/\/ris.bka.gv.at\">RIS<\/a> des BKA<\/p>\n","protected":false},"excerpt":{"rendered":"<p>Vereinsname Musikverein Holzhausen ZVR-Nr 552792571 Vereinszweck Der Musikverein, dessen T\u00e4tigkeit unpolitisch und nicht auf Gewinn gerichtet ist, bezweckt allgemein zur F\u00f6rderung des Gemeinwohles auf kulturellem Gebiet den Zusammenschluss von Personen, &#8230;<\/p>\n","protected":false},"author":1,"featured_media":0,"parent":0,"menu_order":0,"comment_status":"closed","ping_status":"closed","template":"","meta":{"ngg_post_thumbnail":0,"footnotes":""},"categories":[],"tags":[],"class_list":["post-3621","page","type-page","status-publish","hentry"],"jetpack_sharing_enabled":true,"jetpack_shortlink":"https:\/\/wp.me\/P8pnNx-Wp","_links":{"self":[{"href":"https:\/\/www.musikverein-holzhausen.at\/index.php\/wp-json\/wp\/v2\/pages\/3621","targetHints":{"allow":["GET"]}}],"collection":[{"href":"https:\/\/www.musikverein-holzhausen.at\/index.php\/wp-json\/wp\/v2\/pages"}],"about":[{"href":"https:\/\/www.musikverein-holzhausen.at\/index.php\/wp-json\/wp\/v2\/types\/page"}],"author":[{"embeddable":true,"href":"https:\/\/www.musikverein-holzhausen.at\/index.php\/wp-json\/wp\/v2\/users\/1"}],"replies":[{"embeddable":true,"href":"https:\/\/www.musikverein-holzhausen.at\/index.php\/wp-json\/wp\/v2\/comments?post=3621"}],"version-history":[{"count":0,"href":"https:\/\/www.musikverein-holzhausen.at\/index.php\/wp-json\/wp\/v2\/pages\/3621\/revisions"}],"wp:attachment":[{"href":"https:\/\/www.musikverein-holzhausen.at\/index.php\/wp-json\/wp\/v2\/media?parent=3621"}],"wp:term":[{"taxonomy":"category","embeddable":true,"href":"https:\/\/www.musikverein-holzhausen.at\/index.php\/wp-json\/wp\/v2\/categories?post=3621"},{"taxonomy":"post_tag","embeddable":true,"href":"https:\/\/www.musikverein-holzhausen.at\/index.php\/wp-json\/wp\/v2\/tags?post=3621"}],"curies":[{"name":"wp","href":"https:\/\/api.w.org\/{rel}","templated":true}]}}